{"id":3327,"date":"2020-03-22T15:41:12","date_gmt":"2020-03-22T15:41:12","guid":{"rendered":"https:\/\/www.agence.legendaire.org\/?page_id=3327"},"modified":"2020-04-03T13:38:34","modified_gmt":"2020-04-03T13:38:34","slug":"fete-medievale","status":"publish","type":"page","link":"https:\/\/www.agence.legendaire.org\/index.php\/secteur-public\/municipalite\/fete-medievale\/","title":{"rendered":"F\u00eate M\u00e9di\u00e9vale"},"content":{"rendered":"","protected":false},"excerpt":{"rendered":"","protected":false},"author":1,"featured_media":0,"parent":3343,"menu_order":0,"comment_status":"closed","ping_status":"closed","template":"","meta":[],"_links":{"self":[{"href":"https:\/\/www.agence.legendaire.org\/index.php\/wp-json\/wp\/v2\/pages\/3327"}],"collection":[{"href":"https:\/\/www.agence.legendaire.org\/index.php\/wp-json\/wp\/v2\/pages"}],"about":[{"href":"https:\/\/www.agence.legendaire.org\/index.php\/wp-json\/wp\/v2\/types\/page"}],"author":[{"embeddable":true,"href":"https:\/\/www.agence.legendaire.org\/index.php\/wp-json\/wp\/v2\/users\/1"}],"replies":[{"embeddable":true,"href":"https:\/\/www.agence.legendaire.org\/index.php\/wp-json\/wp\/v2\/comments?post=3327"}],"version-history":[{"count":1,"href":"https:\/\/www.agence.legendaire.org\/index.php\/wp-json\/wp\/v2\/pages\/3327\/revisions"}],"predecessor-version":[{"id":3328,"href":"https:\/\/www.agence.legendaire.org\/index.php\/wp-json\/wp\/v2\/pages\/3327\/revisions\/3328"}],"up":[{"embeddable":true,"href":"https:\/\/www.agence.legendaire.org\/index.php\/wp-json\/wp\/v2\/pages\/3343"}],"wp:attachment":[{"href":"https:\/\/www.agence.legendaire.org\/index.php\/wp-json\/wp\/v2\/media?parent=3327"}],"curies":[{"name":"wp","href":"https:\/\/api.w.org\/{rel}","templated":true}]}}